{"id":3997,"date":"2020-12-27T11:09:15","date_gmt":"2020-12-27T11:09:15","guid":{"rendered":"https:\/\/universal-gourmet-events.ch\/?page_id=3997"},"modified":"2025-06-13T13:29:14","modified_gmt":"2025-06-13T13:29:14","slug":"nos-services","status":"publish","type":"page","link":"https:\/\/universal-gourmet-events.ch\/fr\/dienstleistungen\/","title":{"rendered":"Tous nos services"},"content":{"rendered":"<div data-elementor-type=\"wp-page\" data-elementor-id=\"3997\" class=\"elementor elementor-3997\">\n\t\t\t\t<div class=\"e-con-with-custom-width elementor-element elementor-element-ab0b7e3 e-flex e-con-boxed sc_layouts_column_icons_position_left e-con e-parent\" data-id=\"ab0b7e3\" data-element_type=\"container\" data-e-type=\"container\" data-settings=\"{&quot;jet_parallax_layout_list&quot;:[]}\">\n\t\t\t\t\t<div class=\"e-con-inner\">\n\t\t<div class=\"elementor-element elementor-element-eadbeeb e-con-full e-flex sc_layouts_column_icons_position_left e-con e-child\" data-id=\"eadbeeb\" data-element_type=\"container\" data-e-type=\"container\" data-settings=\"{&quot;jet_parallax_layout_list&quot;:[]}\">\n\t\t\t\t<div class=\"elementor-element elementor-element-b8efb9f sc_fly_static elementor-widget elementor-widget-trx_sc_title\" data-id=\"b8efb9f\" data-element_type=\"widget\" data-e-type=\"widget\" data-widget_type=\"trx_sc_title.default\">\n\t\t\t\t<div class=\"elementor-widget-container\">\n\t\t\t\t\t<div\t\tclass=\"sc_title sc_title_default\" ><span class=\"sc_item_subtitle sc_title_subtitle sc_item_subtitle_above sc_item_title_style_default\">Choisir le meilleur<\/span><h2 class=\"sc_item_title sc_title_title sc_item_title_style_default sc_item_title_tag\"\n\t\t\t><span class=\"sc_item_title_text\">Prestations sur mesure pour evenements prives et professionnels<\/span><\/h2><\/div>\t\t\t\t<\/div>\n\t\t\t\t<\/div>\n\t\t\t\t<\/div>\n\t\t<div class=\"elementor-element elementor-element-3c87948 e-con-full e-flex sc_layouts_column_icons_position_left e-con e-child\" data-id=\"3c87948\" data-element_type=\"container\" data-e-type=\"container\" data-settings=\"{&quot;jet_parallax_layout_list&quot;:[]}\">\n\t\t\t\t<div class=\"elementor-element elementor-element-b8b61a8 sc_layouts_hide_on_tablet sc_fly_static elementor-widget elementor-widget-spacer\" data-id=\"b8b61a8\" data-element_type=\"widget\" data-e-type=\"widget\" data-widget_type=\"spacer.default\">\n\t\t\t\t<div class=\"elementor-widget-container\">\n\t\t\t\t\t\t\t<div class=\"elementor-spacer\">\n\t\t\t<div class=\"elementor-spacer-inner\"><\/div>\n\t\t<\/div>\n\t\t\t\t\t\t<\/div>\n\t\t\t\t<\/div>\n\t\t\t\t<div class=\"elementor-element elementor-element-4120e38 sc_fly_static elementor-widget elementor-widget-text-editor\" data-id=\"4120e38\" data-element_type=\"widget\" data-e-type=\"widget\" data-widget_type=\"text-editor.default\">\n\t\t\t\t<div class=\"elementor-widget-container\">\n\t\t\t\t\t\t\t\t\t<p>D\u00e9couvrez notre service traiteur raffin\u00e9, id\u00e9al pour les r\u00e9ceptions priv\u00e9es comme pour les \u00e9v\u00e9nements d'entreprise. \u00c0 B\u00e2le, dans le Jura et aux alentours, nous mettons notre passion et notre savoir-faire au service de vos envies culinaires.<\/p>\t\t\t\t\t\t\t\t<\/div>\n\t\t\t\t<\/div>\n\t\t\t\t<div class=\"elementor-element elementor-element-6ed6812 sc_height_small sc_fly_static elementor-widget elementor-widget-spacer\" data-id=\"6ed6812\" data-element_type=\"widget\" data-e-type=\"widget\" data-widget_type=\"spacer.default\">\n\t\t\t\t<div class=\"elementor-widget-container\">\n\t\t\t\t\t\t\t<div class=\"elementor-spacer\">\n\t\t\t<div class=\"elementor-spacer-inner\"><\/div>\n\t\t<\/div>\n\t\t\t\t\t\t<\/div>\n\t\t\t\t<\/div>\n\t\t\t\t<div class=\"elementor-element elementor-element-be4fdf2 sc_fly_static elementor-widget elementor-widget-heading\" data-id=\"be4fdf2\" data-element_type=\"widget\" data-e-type=\"widget\" data-widget_type=\"heading.default\">\n\t\t\t\t<div class=\"elementor-widget-container\">\n\t\t\t\t\t<h5 class=\"elementor-heading-title elementor-size-default\"><span style=\"font-weight: 500;color: #A6A7A7;margin-right: 15px\">01.<\/span> Menus personnalis\u00e9s pour chaque occasion<\/h5>\t\t\t\t<\/div>\n\t\t\t\t<\/div>\n\t\t\t\t<div class=\"elementor-element elementor-element-83cff8a sc_fly_static elementor-widget elementor-widget-spacer\" data-id=\"83cff8a\" data-element_type=\"widget\" data-e-type=\"widget\" data-widget_type=\"spacer.default\">\n\t\t\t\t<div class=\"elementor-widget-container\">\n\t\t\t\t\t\t\t<div class=\"elementor-spacer\">\n\t\t\t<div class=\"elementor-spacer-inner\"><\/div>\n\t\t<\/div>\n\t\t\t\t\t\t<\/div>\n\t\t\t\t<\/div>\n\t\t\t\t<div class=\"elementor-element elementor-element-f4c6bb9 sc_fly_static elementor-widget elementor-widget-heading\" data-id=\"f4c6bb9\" data-element_type=\"widget\" data-e-type=\"widget\" data-widget_type=\"heading.default\">\n\t\t\t\t<div class=\"elementor-widget-container\">\n\t\t\t\t\t<h5 class=\"elementor-heading-title elementor-size-default\"><span style=\"font-weight: 500;color: #A6A7A7;margin-right: 15px\">02.<\/span>  Ingr\u00e9dients de saison de qualit\u00e9 gastronomique<\/h5>\t\t\t\t<\/div>\n\t\t\t\t<\/div>\n\t\t\t\t<div class=\"elementor-element elementor-element-22ac40a sc_fly_static elementor-widget elementor-widget-spacer\" data-id=\"22ac40a\" data-element_type=\"widget\" data-e-type=\"widget\" data-widget_type=\"spacer.default\">\n\t\t\t\t<div class=\"elementor-widget-container\">\n\t\t\t\t\t\t\t<div class=\"elementor-spacer\">\n\t\t\t<div class=\"elementor-spacer-inner\"><\/div>\n\t\t<\/div>\n\t\t\t\t\t\t<\/div>\n\t\t\t\t<\/div>\n\t\t\t\t<div class=\"elementor-element elementor-element-32ed23c sc_fly_static elementor-widget elementor-widget-heading\" data-id=\"32ed23c\" data-element_type=\"widget\" data-e-type=\"widget\" data-widget_type=\"heading.default\">\n\t\t\t\t<div class=\"elementor-widget-container\">\n\t\t\t\t\t<h5 class=\"elementor-heading-title elementor-size-default\"><span style=\"font-weight: 500;color: #A6A7A7;margin-right: 15px\">03.<\/span> Service professionnel avec le souci du d\u00e9tail<\/h5>\t\t\t\t<\/div>\n\t\t\t\t<\/div>\n\t\t\t\t<\/div>\n\t\t\t\t\t<\/div>\n\t\t\t\t<\/div>\n\t\t\t\t<section class=\"elementor-section elementor-top-section elementor-element elementor-element-4bbcb81 elementor-section-boxed elementor-section-height-default elementor-section-height-default sc_fly_static\" data-id=\"4bbcb81\" data-element_type=\"section\" data-e-type=\"section\" data-settings=\"{&quot;jet_parallax_layout_list&quot;:[]}\">\n\t\t\t\t\t\t<div class=\"elementor-container elementor-column-gap-extended\">\n\t\t\t\t\t<div class=\"elementor-column elementor-col-100 elementor-top-column elementor-element elementor-element-9fe8d62 sc_content_align_inherit sc_layouts_column_icons_position_left sc_fly_static\" data-id=\"9fe8d62\" data-element_type=\"column\" data-e-type=\"column\">\n\t\t\t<div class=\"elementor-widget-wrap elementor-element-populated\">\n\t\t\t\t\t\t<div class=\"elementor-element elementor-element-0e6fc9b sc_height_huge sc_fly_static elementor-widget elementor-widget-spacer\" data-id=\"0e6fc9b\" data-element_type=\"widget\" data-e-type=\"widget\" data-widget_type=\"spacer.default\">\n\t\t\t\t<div class=\"elementor-widget-container\">\n\t\t\t\t\t\t\t<div class=\"elementor-spacer\">\n\t\t\t<div class=\"elementor-spacer-inner\"><\/div>\n\t\t<\/div>\n\t\t\t\t\t\t<\/div>\n\t\t\t\t<\/div>\n\t\t\t\t\t<\/div>\n\t\t<\/div>\n\t\t\t\t\t<\/div>\n\t\t<\/section>\n\t\t<div class=\"e-con-with-custom-width e-con-gap-no elementor-element elementor-element-12f0122 scheme_light e-flex e-con-boxed sc_layouts_column_icons_position_left e-con e-parent\" data-id=\"12f0122\" data-element_type=\"container\" data-e-type=\"container\" data-settings=\"{&quot;background_background&quot;:&quot;classic&quot;,&quot;jet_parallax_layout_list&quot;:[]}\">\n\t\t\t\t\t<div class=\"e-con-inner\">\n\t\t<div class=\"elementor-element elementor-element-67e8d40 e-con-full e-flex sc_layouts_column_icons_position_left e-con e-child\" data-id=\"67e8d40\" data-element_type=\"container\" data-e-type=\"container\" data-settings=\"{&quot;jet_parallax_layout_list&quot;:[]}\">\n\t\t\t\t<div class=\"elementor-element elementor-element-45457b2 sc_height_huge sc_fly_static elementor-widget elementor-widget-spacer\" data-id=\"45457b2\" data-element_type=\"widget\" data-e-type=\"widget\" data-widget_type=\"spacer.default\">\n\t\t\t\t<div class=\"elementor-widget-container\">\n\t\t\t\t\t\t\t<div class=\"elementor-spacer\">\n\t\t\t<div class=\"elementor-spacer-inner\"><\/div>\n\t\t<\/div>\n\t\t\t\t\t\t<\/div>\n\t\t\t\t<\/div>\n\t\t\t\t<div class=\"elementor-element elementor-element-4ba859b elementor-widget__width-initial elementor-widget-tablet__width-inherit sc_fly_static elementor-widget elementor-widget-heading\" data-id=\"4ba859b\" data-element_type=\"widget\" data-e-type=\"widget\" data-widget_type=\"heading.default\">\n\t\t\t\t<div class=\"elementor-widget-container\">\n\t\t\t\t\t<h2 class=\"elementor-heading-title elementor-size-default\">Nos services traiteur pour les particuliers<\/h2>\t\t\t\t<\/div>\n\t\t\t\t<\/div>\n\t\t<div class=\"elementor-element elementor-element-40ec0ec e-con-full e-flex sc_layouts_column_icons_position_left e-con e-child\" data-id=\"40ec0ec\" data-element_type=\"container\" data-e-type=\"container\" data-settings=\"{&quot;jet_parallax_layout_list&quot;:[]}\">\n\t\t\t\t<div data-animation-type=\"sequental\" data-animation-stagger=\"\" class=\"elementor-element elementor-element-4b30f60 animated-slow animation_type_sequental sc_fly_static elementor-invisible elementor-widget elementor-widget-trx_sc_services\" data-id=\"4b30f60\" data-element_type=\"widget\" data-e-type=\"widget\" data-settings=\"{&quot;_animation&quot;:&quot;fadeInRight&quot;,&quot;_animation_delay&quot;:200}\" data-widget_type=\"trx_sc_services.default\">\n\t\t\t\t<div class=\"elementor-widget-container\">\n\t\t\t\t\t<div class=\"sc_services color_style_link2 sc_services_extra sc_services_featured_top\"><div class=\"sc_services_columns_wrap sc_item_columns sc_item_posts_container sc_item_columns_4 trx_addons_columns_wrap columns_padding_bottom columns_in_single_row\"><div class=\"trx_addons_column-1_4 trx_addons_column-1_2-tablet trx_addons_column-1_1-mobile\"><div data-post-id=\"18517\" class=\"sc_services_item sc_item_container post_container without_content with_more with_image with_number post-18517 cpt_services type-cpt_services status-publish has-post-thumbnail hentry cpt_services_group-catering-fur-private-anlasse-in-basel\">\r\n\t\t<div class=\"sc_services_item_content\" style=\"background-image: url(https:\/\/universal-gourmet-events.ch\/wp-content\/uploads\/2025\/03\/chefkoch_mengiBob.webp);\">\r\n\t\t\t\t<div class=\"sc_services_item_content_inner\"><div class=\"sc_services_item_content_inner_top\"><span class=\"sc_services_item_number\">01<\/span><\/div><div class=\"sc_services_item_content_inner_bottom\">\r\n                <h6 class=\"sc_services_item_title\"><a href=\"https:\/\/universal-gourmet-events.ch\/fr\/services\/chef-zu-hause-in-basel\/\">Chef a domicile dans le Jura<\/a><\/h6>\r\n                <div class=\"sc_services_item_button sc_item_button\">\r\n                    <a href=\"https:\/\/universal-gourmet-events.ch\/fr\/services\/chef-zu-hause-in-basel\/\" class=\"sc_services_item_more_link\">\r\n                        <span class=\"link_text\">Voir plus<\/span><span class=\"link_icon\"><\/span>\r\n                    <\/a>\r\n                    <\/div><\/div><\/div><a class=\"sc_services_item_link\" href=\"https:\/\/universal-gourmet-events.ch\/fr\/services\/chef-zu-hause-in-basel\/\"><\/a><\/div><\/div><\/div><div class=\"trx_addons_column-1_4 trx_addons_column-1_2-tablet trx_addons_column-1_1-mobile\"><div data-post-id=\"18317\" class=\"sc_services_item sc_item_container post_container without_content with_more with_image with_number post-18317 cpt_services type-cpt_services status-publish has-post-thumbnail hentry cpt_services_group-catering-fur-private-anlasse-in-basel\">\r\n\t\t<div class=\"sc_services_item_content\" style=\"background-image: url(https:\/\/universal-gourmet-events.ch\/wp-content\/uploads\/2025\/03\/Jahresendfeiern-traiteur-basel-jura-universal-gourmet-events_675848970_XL.webp);\">\r\n\t\t\t\t<div class=\"sc_services_item_content_inner\"><div class=\"sc_services_item_content_inner_top\"><span class=\"sc_services_item_number\">02<\/span><\/div><div class=\"sc_services_item_content_inner_bottom\">\r\n                <h6 class=\"sc_services_item_title\"><a href=\"https:\/\/universal-gourmet-events.ch\/fr\/services\/catering-fur-jahresendfeiern-in-basel\/\">Traiteur pour les fetes de fin d'annee dans le Jura<\/a><\/h6>\r\n                <div class=\"sc_services_item_button sc_item_button\">\r\n                    <a href=\"https:\/\/universal-gourmet-events.ch\/fr\/services\/catering-fur-jahresendfeiern-in-basel\/\" class=\"sc_services_item_more_link\">\r\n                        <span class=\"link_text\">Voir plus<\/span><span class=\"link_icon\"><\/span>\r\n                    <\/a>\r\n                    <\/div><\/div><\/div><a class=\"sc_services_item_link\" href=\"https:\/\/universal-gourmet-events.ch\/fr\/services\/catering-fur-jahresendfeiern-in-basel\/\"><\/a><\/div><\/div><\/div><div class=\"trx_addons_column-1_4 trx_addons_column-1_2-tablet trx_addons_column-1_1-mobile\"><div data-post-id=\"18315\" class=\"sc_services_item sc_item_container post_container without_content with_more with_image with_number post-18315 cpt_services type-cpt_services status-publish has-post-thumbnail hentry cpt_services_group-catering-fur-private-anlasse-in-basel\">\r\n\t\t<div class=\"sc_services_item_content\" style=\"background-image: url(https:\/\/universal-gourmet-events.ch\/wp-content\/uploads\/2025\/03\/Geburtstage-traiteur-basel-jura-universal-gourmet-events_675848970_X.webp);\">\r\n\t\t\t\t<div class=\"sc_services_item_content_inner\"><div class=\"sc_services_item_content_inner_top\"><span class=\"sc_services_item_number\">03<\/span><\/div><div class=\"sc_services_item_content_inner_bottom\">\r\n                <h6 class=\"sc_services_item_title\"><a href=\"https:\/\/universal-gourmet-events.ch\/fr\/services\/catering-fur-geburtstage-in-basel\/\">Traiteur pour anniversaires dans le Jura<\/a><\/h6>\r\n                <div class=\"sc_services_item_button sc_item_button\">\r\n                    <a href=\"https:\/\/universal-gourmet-events.ch\/fr\/services\/catering-fur-geburtstage-in-basel\/\" class=\"sc_services_item_more_link\">\r\n                        <span class=\"link_text\">Voir plus<\/span><span class=\"link_icon\"><\/span>\r\n                    <\/a>\r\n                    <\/div><\/div><\/div><a class=\"sc_services_item_link\" href=\"https:\/\/universal-gourmet-events.ch\/fr\/services\/catering-fur-geburtstage-in-basel\/\"><\/a><\/div><\/div><\/div><div class=\"trx_addons_column-1_4 trx_addons_column-1_2-tablet trx_addons_column-1_1-mobile\"><div data-post-id=\"950\" class=\"sc_services_item sc_item_container post_container without_content with_more with_image with_number post-950 cpt_services type-cpt_services status-publish has-post-thumbnail hentry cpt_services_group-catering-fur-private-anlasse-in-basel\">\r\n\t\t<div class=\"sc_services_item_content\" style=\"background-image: url(https:\/\/universal-gourmet-events.ch\/wp-content\/uploads\/2020\/04\/Hochzeiten-traiteur-basel-jura-universal-gourmet-events_675848970_XL.webp);\">\r\n\t\t\t\t<div class=\"sc_services_item_content_inner\"><div class=\"sc_services_item_content_inner_top\"><span class=\"sc_services_item_number\">04<\/span><\/div><div class=\"sc_services_item_content_inner_bottom\">\r\n                <h6 class=\"sc_services_item_title\"><a href=\"https:\/\/universal-gourmet-events.ch\/fr\/services\/catering-fur-hochzeiten-in-basel\/\">Traiteur pour mariages dans le Jura<\/a><\/h6>\r\n                <div class=\"sc_services_item_button sc_item_button\">\r\n                    <a href=\"https:\/\/universal-gourmet-events.ch\/fr\/services\/catering-fur-hochzeiten-in-basel\/\" class=\"sc_services_item_more_link\">\r\n                        <span class=\"link_text\">Voir plus<\/span><span class=\"link_icon\"><\/span>\r\n                    <\/a>\r\n                    <\/div><\/div><\/div><a class=\"sc_services_item_link\" href=\"https:\/\/universal-gourmet-events.ch\/fr\/services\/catering-fur-hochzeiten-in-basel\/\"><\/a><\/div><\/div><\/div><\/div><\/div>\t\t\t\t<\/div>\n\t\t\t\t<\/div>\n\t\t\t\t<\/div>\n\t\t\t\t<div class=\"elementor-element elementor-element-73a80a5 sc_fly_static elementor-widget elementor-widget-spacer\" data-id=\"73a80a5\" data-element_type=\"widget\" data-e-type=\"widget\" data-widget_type=\"spacer.default\">\n\t\t\t\t<div class=\"elementor-widget-container\">\n\t\t\t\t\t\t\t<div class=\"elementor-spacer\">\n\t\t\t<div class=\"elementor-spacer-inner\"><\/div>\n\t\t<\/div>\n\t\t\t\t\t\t<\/div>\n\t\t\t\t<\/div>\n\t\t\t\t<div class=\"elementor-element elementor-element-978471e elementor-widget__width-initial elementor-widget-tablet__width-inherit sc_fly_static elementor-widget elementor-widget-heading\" data-id=\"978471e\" data-element_type=\"widget\" data-e-type=\"widget\" data-widget_type=\"heading.default\">\n\t\t\t\t<div class=\"elementor-widget-container\">\n\t\t\t\t\t<h2 class=\"elementor-heading-title elementor-size-default\">Nos services traiteur pour les entreprises<\/h2>\t\t\t\t<\/div>\n\t\t\t\t<\/div>\n\t\t<div class=\"elementor-element elementor-element-aba903f e-con-full e-flex sc_layouts_column_icons_position_left e-con e-child\" data-id=\"aba903f\" data-element_type=\"container\" data-e-type=\"container\" data-settings=\"{&quot;jet_parallax_layout_list&quot;:[]}\">\n\t\t\t\t<div data-animation-type=\"sequental\" data-animation-stagger=\"\" class=\"elementor-element elementor-element-6e64a1a animated-slow animation_type_sequental sc_fly_static elementor-invisible elementor-widget elementor-widget-trx_sc_services\" data-id=\"6e64a1a\" data-element_type=\"widget\" data-e-type=\"widget\" data-settings=\"{&quot;_animation&quot;:&quot;fadeInRight&quot;,&quot;_animation_delay&quot;:200}\" data-widget_type=\"trx_sc_services.default\">\n\t\t\t\t<div class=\"elementor-widget-container\">\n\t\t\t\t\t<div class=\"sc_services color_style_link2 sc_services_extra sc_services_featured_top\"><div class=\"sc_services_columns_wrap sc_item_columns sc_item_posts_container sc_item_columns_4 trx_addons_columns_wrap columns_padding_bottom columns_in_single_row\"><div class=\"trx_addons_column-1_4 trx_addons_column-1_2-tablet\"><div data-post-id=\"18521\" class=\"sc_services_item sc_item_container post_container without_content with_more with_image with_number post-18521 cpt_services type-cpt_services status-publish has-post-thumbnail hentry cpt_services_group-geschaeftsessen-in-basel\">\r\n\t\t<div class=\"sc_services_item_content\" style=\"background-image: url(https:\/\/universal-gourmet-events.ch\/wp-content\/uploads\/2025\/03\/Firmenessen-traiteur-basel-jura-universal-gourmet-events_675848970_XL.webp);\">\r\n\t\t\t\t<div class=\"sc_services_item_content_inner\"><div class=\"sc_services_item_content_inner_top\"><span class=\"sc_services_item_number\">01<\/span><\/div><div class=\"sc_services_item_content_inner_bottom\">\r\n                <h6 class=\"sc_services_item_title\"><a href=\"https:\/\/universal-gourmet-events.ch\/fr\/services\/catering-fur-firmenessen-in-basel\/\">Restauration pour les repas d'entreprise dans le Jura<\/a><\/h6>\r\n                <div class=\"sc_services_item_button sc_item_button\">\r\n                    <a href=\"https:\/\/universal-gourmet-events.ch\/fr\/services\/catering-fur-firmenessen-in-basel\/\" class=\"sc_services_item_more_link\">\r\n                        <span class=\"link_text\">Read More<\/span><span class=\"link_icon\"><\/span>\r\n                    <\/a>\r\n                    <\/div><\/div><\/div><a class=\"sc_services_item_link\" href=\"https:\/\/universal-gourmet-events.ch\/fr\/services\/catering-fur-firmenessen-in-basel\/\"><\/a><\/div><\/div><\/div><div class=\"trx_addons_column-1_4 trx_addons_column-1_2-tablet\"><div data-post-id=\"18320\" class=\"sc_services_item sc_item_container post_container without_content with_more with_image with_number post-18320 cpt_services type-cpt_services status-publish has-post-thumbnail hentry cpt_services_group-geschaeftsessen-in-basel\">\r\n\t\t<div class=\"sc_services_item_content\" style=\"background-image: url(https:\/\/universal-gourmet-events.ch\/wp-content\/uploads\/2025\/03\/Depositphotos_233463758_S.webp);\">\r\n\t\t\t\t<div class=\"sc_services_item_content_inner\"><div class=\"sc_services_item_content_inner_top\"><span class=\"sc_services_item_number\">02<\/span><\/div><div class=\"sc_services_item_content_inner_bottom\">\r\n                <h6 class=\"sc_services_item_title\"><a href=\"https:\/\/universal-gourmet-events.ch\/fr\/services\/aperitif-basel\/\">Traiteur pour aperitif dans le Jura<\/a><\/h6>\r\n                <div class=\"sc_services_item_button sc_item_button\">\r\n                    <a href=\"https:\/\/universal-gourmet-events.ch\/fr\/services\/aperitif-basel\/\" class=\"sc_services_item_more_link\">\r\n                        <span class=\"link_text\">Read More<\/span><span class=\"link_icon\"><\/span>\r\n                    <\/a>\r\n                    <\/div><\/div><\/div><a class=\"sc_services_item_link\" href=\"https:\/\/universal-gourmet-events.ch\/fr\/services\/aperitif-basel\/\"><\/a><\/div><\/div><\/div><div class=\"trx_addons_column-1_4 trx_addons_column-1_2-tablet\"><div data-post-id=\"949\" class=\"sc_services_item sc_item_container post_container without_content with_more with_image with_number post-949 cpt_services type-cpt_services status-publish has-post-thumbnail hentry cpt_services_group-geschaeftsessen-in-basel\">\r\n\t\t<div class=\"sc_services_item_content\" style=\"background-image: url(https:\/\/universal-gourmet-events.ch\/wp-content\/uploads\/2020\/04\/Lunch-traiteur-basel-jura-universal-gourmet-events_675848970_XL.webp);\">\r\n\t\t\t\t<div class=\"sc_services_item_content_inner\"><div class=\"sc_services_item_content_inner_top\"><span class=\"sc_services_item_number\">03<\/span><\/div><div class=\"sc_services_item_content_inner_bottom\">\r\n                <h6 class=\"sc_services_item_title\"><a href=\"https:\/\/universal-gourmet-events.ch\/fr\/services\/lunch-fur-unternehmen-in-basel\/\">Lunch pour entreprises dans le Jura<\/a><\/h6>\r\n                <div class=\"sc_services_item_button sc_item_button\">\r\n                    <a href=\"https:\/\/universal-gourmet-events.ch\/fr\/services\/lunch-fur-unternehmen-in-basel\/\" class=\"sc_services_item_more_link\">\r\n                        <span class=\"link_text\">Read More<\/span><span class=\"link_icon\"><\/span>\r\n                    <\/a>\r\n                    <\/div><\/div><\/div><a class=\"sc_services_item_link\" href=\"https:\/\/universal-gourmet-events.ch\/fr\/services\/lunch-fur-unternehmen-in-basel\/\"><\/a><\/div><\/div><\/div><\/div><\/div>\t\t\t\t<\/div>\n\t\t\t\t<\/div>\n\t\t\t\t<\/div>\n\t\t\t\t<\/div>\n\t\t\t\t\t<\/div>\n\t\t\t\t<\/div>\n\t\t\t\t<\/div>","protected":false},"excerpt":{"rendered":"<p>choose the best Massgeschneiderte Leistungen fur private und geschaeftliche Anlaesse Entdecken Sie unseren raffinierten Catering-Service \u2013 perfekt f\u00fcr private Feiern ebenso wie f\u00fcr Firmenevents. In Basel, im Jura und in&hellip;<\/p>","protected":false},"author":1,"featured_media":0,"parent":0,"menu_order":0,"comment_status":"closed","ping_status":"closed","template":"","meta":{"footnotes":""},"class_list":["post-3997","page","type-page","status-publish","hentry"],"_links":{"self":[{"href":"https:\/\/universal-gourmet-events.ch\/fr\/wp-json\/wp\/v2\/pages\/3997","targetHints":{"allow":["GET"]}}],"collection":[{"href":"https:\/\/universal-gourmet-events.ch\/fr\/wp-json\/wp\/v2\/pages"}],"about":[{"href":"https:\/\/universal-gourmet-events.ch\/fr\/wp-json\/wp\/v2\/types\/page"}],"author":[{"embeddable":true,"href":"https:\/\/universal-gourmet-events.ch\/fr\/wp-json\/wp\/v2\/users\/1"}],"replies":[{"embeddable":true,"href":"https:\/\/universal-gourmet-events.ch\/fr\/wp-json\/wp\/v2\/comments?post=3997"}],"version-history":[{"count":83,"href":"https:\/\/universal-gourmet-events.ch\/fr\/wp-json\/wp\/v2\/pages\/3997\/revisions"}],"predecessor-version":[{"id":19836,"href":"https:\/\/universal-gourmet-events.ch\/fr\/wp-json\/wp\/v2\/pages\/3997\/revisions\/19836"}],"wp:attachment":[{"href":"https:\/\/universal-gourmet-events.ch\/fr\/wp-json\/wp\/v2\/media?parent=3997"}],"curies":[{"name":"wp","href":"https:\/\/api.w.org\/{rel}","templated":true}]}}