{"id":18429,"date":"2025-03-21T15:01:02","date_gmt":"2025-03-21T15:01:02","guid":{"rendered":"https:\/\/universal-gourmet-events.ch\/?page_id=18429"},"modified":"2025-08-05T20:48:30","modified_gmt":"2025-08-05T20:48:30","slug":"le-chef-bob-mengi","status":"publish","type":"page","link":"https:\/\/universal-gourmet-events.ch\/fr\/der-chef-bob-mengi\/","title":{"rendered":"Der chef &#8211; Bob Mengi"},"content":{"rendered":"<div data-elementor-type=\"wp-page\" data-elementor-id=\"18429\" class=\"elementor elementor-18429\">\n\t\t\t\t<div class=\"e-con-with-custom-width elementor-element elementor-element-66b78ad e-flex e-con-boxed sc_layouts_column_icons_position_left e-con e-parent\" data-id=\"66b78ad\" data-element_type=\"container\" data-e-type=\"container\" data-settings=\"{&quot;background_background&quot;:&quot;classic&quot;,&quot;jet_parallax_layout_list&quot;:[]}\">\n\t\t\t\t\t<div class=\"e-con-inner\">\n\t\t<div data-animation-type=\"block\" class=\"elementor-element elementor-element-72184ec e-con-full animated-slow e-flex sc_layouts_column_icons_position_left animation_type_block elementor-invisible e-con e-child\" data-id=\"72184ec\" data-element_type=\"container\" data-e-type=\"container\" data-settings=\"{&quot;jet_parallax_layout_list&quot;:[],&quot;animation&quot;:&quot;fadeInUp&quot;}\">\n\t\t\t\t<div class=\"elementor-element elementor-element-9a1bb34 sc_fly_static elementor-widget elementor-widget-heading\" data-id=\"9a1bb34\" data-element_type=\"widget\" data-e-type=\"widget\" data-widget_type=\"heading.default\">\n\t\t\t\t<div class=\"elementor-widget-container\">\n\t\t\t\t\t<h1 class=\"elementor-heading-title elementor-size-default\">Le monde du chef gastronomique Mengi<\/h1>\t\t\t\t<\/div>\n\t\t\t\t<\/div>\n\t\t\t\t<div class=\"elementor-element elementor-element-3427656 sc_fly_static elementor-widget elementor-widget-text-editor\" data-id=\"3427656\" data-element_type=\"widget\" data-e-type=\"widget\" data-widget_type=\"text-editor.default\">\n\t\t\t\t<div class=\"elementor-widget-container\">\n\t\t\t\t\t\t\t\t\t<p>\"La cuisine est un vecteur de lien social et de plaisir. J'aspire \u00e0 briser les fronti\u00e8res et \u00e0 rassembler les gens autour de la table pour partager des moments uniques\".<\/p>\t\t\t\t\t\t\t\t<\/div>\n\t\t\t\t<\/div>\n\t\t\t\t<div class=\"elementor-element elementor-element-b669fbc sc_layouts_hide_on_mobile sc_fly_static elementor-widget elementor-widget-trx_sc_button\" data-id=\"b669fbc\" data-element_type=\"widget\" data-e-type=\"widget\" data-widget_type=\"trx_sc_button.default\">\n\t\t\t\t<div class=\"elementor-widget-container\">\n\t\t\t\t\t<div\tclass=\"sc_item_button sc_button_wrap\" ><a href=\"#werdegang\" class=\"sc_button hide_on_mobile sc_button_default sc_button_size_normal sc_button_icon_left\" ><span class=\"sc_button_text\"><span class=\"sc_button_title\">Mon parcours<\/span><\/span><\/a><\/div>\t\t\t\t<\/div>\n\t\t\t\t<\/div>\n\t\t\t\t<div class=\"elementor-element elementor-element-4275cf3 sc_layouts_hide_on_wide sc_layouts_hide_on_desktop sc_layouts_hide_on_notebook sc_layouts_hide_on_tablet sc_fly_static elementor-widget elementor-widget-trx_sc_button\" data-id=\"4275cf3\" data-element_type=\"widget\" data-e-type=\"widget\" data-widget_type=\"trx_sc_button.default\">\n\t\t\t\t<div class=\"elementor-widget-container\">\n\t\t\t\t\t<div\tclass=\"sc_item_button sc_button_wrap sc_align_center\" ><a href=\"#werdegang\" class=\"sc_button hide_on_tablet hide_on_notebook hide_on_desktop hide_on_wide sc_button_default sc_button_size_normal sc_button_icon_left\" ><span class=\"sc_button_text\"><span class=\"sc_button_title\">Mon parcours<\/span><\/span><\/a><\/div>\t\t\t\t<\/div>\n\t\t\t\t<\/div>\n\t\t\t\t<\/div>\n\t\t<div class=\"elementor-element elementor-element-496368d e-con-full e-flex sc_layouts_column_icons_position_left e-con e-child\" data-id=\"496368d\" data-element_type=\"container\" data-e-type=\"container\" data-settings=\"{&quot;jet_parallax_layout_list&quot;:[]}\">\n\t\t\t\t<div class=\"elementor-element elementor-element-0e6008a sc_fly_static elementor-widget elementor-widget-image\" data-id=\"0e6008a\" data-element_type=\"widget\" data-e-type=\"widget\" data-widget_type=\"image.default\">\n\t\t\t\t<div class=\"elementor-widget-container\">\n\t\t\t\t\t\t\t\t\t\t\t\t\t\t\t<img fetchpriority=\"high\" decoding=\"async\" width=\"791\" height=\"1024\" src=\"https:\/\/universal-gourmet-events.ch\/wp-content\/uploads\/2025\/08\/Photo_Chef_Landing-mengi-bob-791x1024.webp\" class=\"attachment-large size-large wp-image-19895\" alt=\"\" srcset=\"https:\/\/universal-gourmet-events.ch\/wp-content\/uploads\/2025\/08\/Photo_Chef_Landing-mengi-bob-791x1024.webp 791w, https:\/\/universal-gourmet-events.ch\/wp-content\/uploads\/2025\/08\/Photo_Chef_Landing-mengi-bob-232x300.webp 232w, https:\/\/universal-gourmet-events.ch\/wp-content\/uploads\/2025\/08\/Photo_Chef_Landing-mengi-bob-768x994.webp 768w, https:\/\/universal-gourmet-events.ch\/wp-content\/uploads\/2025\/08\/Photo_Chef_Landing-mengi-bob-9x12.webp 9w, https:\/\/universal-gourmet-events.ch\/wp-content\/uploads\/2025\/08\/Photo_Chef_Landing-mengi-bob-370x479.webp 370w, https:\/\/universal-gourmet-events.ch\/wp-content\/uploads\/2025\/08\/Photo_Chef_Landing-mengi-bob-410x530.webp 410w, https:\/\/universal-gourmet-events.ch\/wp-content\/uploads\/2025\/08\/Photo_Chef_Landing-mengi-bob.webp 800w\" sizes=\"(max-width: 791px) 100vw, 791px\" \/>\t\t\t\t\t\t\t\t\t\t\t\t\t\t\t<\/div>\n\t\t\t\t<\/div>\n\t\t\t\t<\/div>\n\t\t\t\t\t<\/div>\n\t\t\t\t<\/div>\n\t\t<div class=\"e-con-with-custom-width elementor-element elementor-element-ba3774b e-flex e-con-boxed sc_layouts_column_icons_position_left e-con e-parent\" data-id=\"ba3774b\" data-element_type=\"container\" data-e-type=\"container\" data-settings=\"{&quot;background_background&quot;:&quot;classic&quot;,&quot;jet_parallax_layout_list&quot;:[]}\">\n\t\t\t\t\t<div class=\"e-con-inner\">\n\t\t<div class=\"elementor-element elementor-element-5084e16 e-con-full e-flex sc_layouts_column_icons_position_left e-con e-child\" data-id=\"5084e16\" data-element_type=\"container\" data-e-type=\"container\" data-settings=\"{&quot;jet_parallax_layout_list&quot;:[]}\">\n\t\t\t\t<div class=\"elementor-element elementor-element-82ea916 sc_fly_static elementor-widget elementor-widget-image\" data-id=\"82ea916\" data-element_type=\"widget\" data-e-type=\"widget\" data-widget_type=\"image.default\">\n\t\t\t\t<div class=\"elementor-widget-container\">\n\t\t\t\t\t\t\t\t\t\t\t\t\t\t\t<img decoding=\"async\" width=\"768\" height=\"1024\" src=\"https:\/\/universal-gourmet-events.ch\/wp-content\/uploads\/2025\/03\/realisation_800.jpg-768x1024.webp\" class=\"attachment-large size-large wp-image-18460\" alt=\"\" srcset=\"https:\/\/universal-gourmet-events.ch\/wp-content\/uploads\/2025\/03\/realisation_800.jpg-768x1024.webp 768w, https:\/\/universal-gourmet-events.ch\/wp-content\/uploads\/2025\/03\/realisation_800.jpg-225x300.webp 225w, https:\/\/universal-gourmet-events.ch\/wp-content\/uploads\/2025\/03\/realisation_800.jpg-9x12.webp 9w, https:\/\/universal-gourmet-events.ch\/wp-content\/uploads\/2025\/03\/realisation_800.jpg-370x493.webp 370w, https:\/\/universal-gourmet-events.ch\/wp-content\/uploads\/2025\/03\/realisation_800.jpg-410x547.webp 410w, https:\/\/universal-gourmet-events.ch\/wp-content\/uploads\/2025\/03\/realisation_800.jpg.webp 800w\" sizes=\"(max-width: 768px) 100vw, 768px\" \/>\t\t\t\t\t\t\t\t\t\t\t\t\t\t\t<\/div>\n\t\t\t\t<\/div>\n\t\t\t\t<div data-animation-type=\"block\" class=\"elementor-element elementor-element-76709ea animated-slow animation_type_block sc_fly_static elementor-invisible elementor-widget elementor-widget-image\" data-id=\"76709ea\" data-element_type=\"widget\" data-e-type=\"widget\" data-settings=\"{&quot;_animation&quot;:&quot;fadeInUp&quot;}\" data-widget_type=\"image.default\">\n\t\t\t\t<div class=\"elementor-widget-container\">\n\t\t\t\t\t\t\t\t\t\t\t\t\t\t\t<img decoding=\"async\" width=\"800\" height=\"1008\" src=\"https:\/\/universal-gourmet-events.ch\/wp-content\/uploads\/2025\/08\/DSC_4568.webp\" class=\"attachment-large size-large wp-image-19899\" alt=\"\" srcset=\"https:\/\/universal-gourmet-events.ch\/wp-content\/uploads\/2025\/08\/DSC_4568.webp 800w, https:\/\/universal-gourmet-events.ch\/wp-content\/uploads\/2025\/08\/DSC_4568-238x300.webp 238w, https:\/\/universal-gourmet-events.ch\/wp-content\/uploads\/2025\/08\/DSC_4568-768x968.webp 768w, https:\/\/universal-gourmet-events.ch\/wp-content\/uploads\/2025\/08\/DSC_4568-10x12.webp 10w, https:\/\/universal-gourmet-events.ch\/wp-content\/uploads\/2025\/08\/DSC_4568-370x466.webp 370w, https:\/\/universal-gourmet-events.ch\/wp-content\/uploads\/2025\/08\/DSC_4568-410x517.webp 410w\" sizes=\"(max-width: 800px) 100vw, 800px\" \/>\t\t\t\t\t\t\t\t\t\t\t\t\t\t\t<\/div>\n\t\t\t\t<\/div>\n\t\t\t\t<\/div>\n\t\t<div class=\"elementor-element elementor-element-937e757 e-con-full e-flex sc_layouts_column_icons_position_left e-con e-child\" data-id=\"937e757\" data-element_type=\"container\" data-e-type=\"container\" data-settings=\"{&quot;jet_parallax_layout_list&quot;:[]}\">\n\t\t\t\t<div class=\"elementor-element elementor-element-9bfcb21 elementor-widget__width-inherit sc_fly_static elementor-widget elementor-widget-heading\" data-id=\"9bfcb21\" data-element_type=\"widget\" data-e-type=\"widget\" data-widget_type=\"heading.default\">\n\t\t\t\t<div class=\"elementor-widget-container\">\n\t\t\t\t\t<h2 class=\"elementor-heading-title elementor-size-default\">Chef gastronomique a Bale et dans le Jura<\/h2>\t\t\t\t<\/div>\n\t\t\t\t<\/div>\n\t\t\t\t<div data-animation-type=\"block\" class=\"elementor-element elementor-element-45c0fd4 elementor-widget__width-inherit animated-slow animation_type_block sc_fly_static elementor-invisible elementor-widget elementor-widget-heading\" data-id=\"45c0fd4\" data-element_type=\"widget\" data-e-type=\"widget\" data-settings=\"{&quot;_animation&quot;:&quot;fadeInUp&quot;}\" data-widget_type=\"heading.default\">\n\t\t\t\t<div class=\"elementor-widget-container\">\n\t\t\t\t\t<h2 class=\"elementor-heading-title elementor-size-default\">Bob Mengi, traiteur gastronomique<\/h2>\t\t\t\t<\/div>\n\t\t\t\t<\/div>\n\t\t\t\t<div class=\"elementor-element elementor-element-65d7244 sc_fly_static elementor-widget elementor-widget-text-editor\" data-id=\"65d7244\" data-element_type=\"widget\" data-e-type=\"widget\" data-widget_type=\"text-editor.default\">\n\t\t\t\t<div class=\"elementor-widget-container\">\n\t\t\t\t\t\t\t\t\t<p>Je suis n\u00e9 le 1er octobre 1973 \u00e0 Kinshasa, en R\u00e9publique d\u00e9mocratique du Congo, et j'ai vu le jour dans une famille nombreuse avec un p\u00e8re militaire. D\u00e8s ma plus tendre enfance, la discipline stricte de l'arm\u00e9e a fait partie int\u00e9grante de ma vie. Cette base m'a pr\u00e9par\u00e9 \u00e0 embrasser le monde de la cuisine avec d\u00e9termination et pr\u00e9cision.<\/p>\t\t\t\t\t\t\t\t<\/div>\n\t\t\t\t<\/div>\n\t\t\t\t<div class=\"elementor-element elementor-element-11da7eb sc_fly_static elementor-widget elementor-widget-trx_sc_icons\" data-id=\"11da7eb\" data-element_type=\"widget\" data-e-type=\"widget\" data-widget_type=\"trx_sc_icons.default\">\n\t\t\t\t<div class=\"elementor-widget-container\">\n\t\t\t\t\t<div \tclass=\"sc_icons sc_icons_modern sc_icons_size_small sc_align_left\" ><div class=\"sc_icons_columns_wrap sc_item_columns trx_addons_columns_wrap columns_padding_bottom\" ><div class=\"trx_addons_column-1_2 trx_addons_column-1_1-tablet\"><div class=\"sc_icons_item\"><div class=\"sc_icons_icon sc_icon_type_ icon-portfolio\" style=\"color: #FFFFFF\" ><span class=\"sc_icon_type_ icon-portfolio\" style=\"color: #FFFFFF\"><\/span><\/div><div class=\"sc_icons_item_details\"><h4 class=\"sc_icons_item_title\" style=\"color:#000000;\"><span>Mon exp\u00e9rience<\/span><\/h4><div class=\"sc_icons_item_description\"><span>+25 ans d'exp\u00e9rience<\/span><\/div><\/div><\/div><\/div><div class=\"trx_addons_column-1_2 trx_addons_column-1_1-tablet\"><div class=\"sc_icons_item with_more\"><div class=\"sc_icons_icon sc_icon_type_ icon-mail\" style=\"color: #FFFFFF\" ><span class=\"sc_icon_type_ icon-mail\" style=\"color: #FFFFFF\"><\/span><\/div><div class=\"sc_icons_item_details\"><h4 class=\"sc_icons_item_title\" style=\"color:#000000;\"><span>Email<\/span><\/h4><div class=\"sc_icons_item_description\"><span>info@universal-gourmet-events.ch<\/span><\/div><\/div><\/div><\/div><div class=\"trx_addons_column-1_2 trx_addons_column-1_1-tablet\"><div class=\"sc_icons_item with_more\"><div class=\"sc_icons_icon sc_icon_type_ icon-phone\" style=\"color: #FFFFFF\" ><span class=\"sc_icon_type_ icon-phone\" style=\"color: #FFFFFF\"><\/span><\/div><div class=\"sc_icons_item_details\"><h4 class=\"sc_icons_item_title\" style=\"color:#000000;\"><span>T\u00e9l\u00e9phone<\/span><\/h4><div class=\"sc_icons_item_description\"><span>078 849 42 75<\/span><\/div><\/div><\/div><\/div><\/div><\/div><!-- \/.sc_icons -->\t\t\t\t<\/div>\n\t\t\t\t<\/div>\n\t\t\t\t<div class=\"elementor-element elementor-element-5a37f16 sc_fly_static elementor-widget elementor-widget-html\" data-id=\"5a37f16\" data-element_type=\"widget\" data-e-type=\"widget\" data-widget_type=\"html.default\">\n\t\t\t\t<div class=\"elementor-widget-container\">\n\t\t\t\t\t<style>\n    .sc_icons_modern .sc_icons_icon{\n        background-color: #B57E5C!important;\n        font-size: 10px!important;\n        \n    }\n    .sc_icons_modern .sc_icons_item{\n        align-items: center!important;\n    }\n<\/style>\t\t\t\t<\/div>\n\t\t\t\t<\/div>\n\t\t\t\t<\/div>\n\t\t\t\t\t<\/div>\n\t\t\t\t<\/div>\n\t\t<div class=\"elementor-element elementor-element-63e73cf e-flex e-con-boxed sc_layouts_column_icons_position_left e-con e-parent\" data-id=\"63e73cf\" data-element_type=\"container\" data-e-type=\"container\" id=\"werdegang\" data-settings=\"{&quot;background_background&quot;:&quot;classic&quot;,&quot;jet_parallax_layout_list&quot;:[]}\">\n\t\t\t\t\t<div class=\"e-con-inner\">\n\t\t\t\t<div class=\"elementor-element elementor-element-fc461d1 elementor-widget__width-inherit sc_fly_static elementor-widget elementor-widget-heading\" data-id=\"fc461d1\" data-element_type=\"widget\" data-e-type=\"widget\" data-widget_type=\"heading.default\">\n\t\t\t\t<div class=\"elementor-widget-container\">\n\t\t\t\t\t<h2 class=\"elementor-heading-title elementor-size-default\">La passion d'une vie\n\n<\/h2>\t\t\t\t<\/div>\n\t\t\t\t<\/div>\n\t\t\t\t<div class=\"elementor-element elementor-element-8d719cd sc_fly_static elementor-widget elementor-widget-heading\" data-id=\"8d719cd\" data-element_type=\"widget\" data-e-type=\"widget\" data-widget_type=\"heading.default\">\n\t\t\t\t<div class=\"elementor-widget-container\">\n\t\t\t\t\t<h2 class=\"elementor-heading-title elementor-size-default\">Mon parcours\n<\/h2>\t\t\t\t<\/div>\n\t\t\t\t<\/div>\n\t\t\t\t<div class=\"elementor-element elementor-element-92c5560 sc_fly_static elementor-widget elementor-widget-jet-timeline\" data-id=\"92c5560\" data-element_type=\"widget\" data-e-type=\"widget\" data-widget_type=\"jet-timeline.default\">\n\t\t\t\t<div class=\"elementor-widget-container\">\n\t\t\t\t\t<div class=\"elementor-jet-timeline jet-elements\"><div class=\"jet-timeline jet-timeline--align-center jet-timeline--align-middle\">\n\t<div class=\"jet-timeline__line\"><div class=\"jet-timeline__line-progress\"><\/div><\/div>\n\t<div class=\"jet-timeline-list\"><div class=\"jet-timeline-item  elementor-repeater-item-8151215 jet-timeline-item--image-inside\">\n\t<div class=\"timeline-item__card\">\n\t\t<div class=\"timeline-item__card-inner\">\n\t\t\t\t\t\t\t\t<div class=\"timeline-item__card-content\">\n\t\t\t\t\t<div class=\"timeline-item__meta\"><div class=\"timeline-item__meta-content\">2005 \u2013 2008<\/div><\/div><h3 class=\"timeline-item__card-title\">Debut de carriere et CFC<\/h3><div class=\"timeline-item__card-desc\">Mon voyage culinaire a commenc\u00e9 avec l'obtention de mon certificat f\u00e9d\u00e9ral de capacit\u00e9 \u00e0 l'\u00e9cole professionnelle des m\u00e9tiers de Del\u00e9mont.<\/div>\t\t\t\t<\/div>\n\t\t\t\t\t\t<\/div>\n\t\t<div class=\"timeline-item__card-arrow\"><\/div>\n\t<\/div>\n\t<div class=\"timeline-item__point\"><div class=\"timeline-item__point-content timeline-item__point-content--icon\"><span class=\"jet-elements-icon\"><i aria-hidden=\"true\" class=\"fas fa-calendar-alt\"><\/i><\/span><\/div><\/div><div class=\"timeline-item__meta\"><div class=\"timeline-item__meta-content\">2005 \u2013 2008<\/div><\/div><\/div><div class=\"jet-timeline-item  elementor-repeater-item-35ef364 jet-timeline-item--image-inside\">\n\t<div class=\"timeline-item__card\">\n\t\t<div class=\"timeline-item__card-inner\">\n\t\t\t\t\t\t\t\t<div class=\"timeline-item__card-content\">\n\t\t\t\t\t<div class=\"timeline-item__meta\"><div class=\"timeline-item__meta-content\">2006 \u2013 2009<\/div><\/div><h3 class=\"timeline-item__card-title\">Premiers pas dans le monde culinaire<\/h3><div class=\"timeline-item__card-desc\">J'ai acquis mes premi\u00e8res exp\u00e9riences dans des h\u00f4tels et des restaurants gastronomiques renomm\u00e9s de la r\u00e9gion de B\u00e2le. Cette p\u00e9riode m'a permis d'affiner mes comp\u00e9tences et de d\u00e9velopper mon propre style de cuisine.<\/div>\t\t\t\t<\/div>\n\t\t\t\t\t\t<\/div>\n\t\t<div class=\"timeline-item__card-arrow\"><\/div>\n\t<\/div>\n\t<div class=\"timeline-item__point\"><div class=\"timeline-item__point-content timeline-item__point-content--icon\"><span class=\"jet-elements-icon\"><i aria-hidden=\"true\" class=\"fas fa-calendar-alt\"><\/i><\/span><\/div><\/div><div class=\"timeline-item__meta\"><div class=\"timeline-item__meta-content\">2006 \u2013 2009<\/div><\/div><\/div><div class=\"jet-timeline-item  elementor-repeater-item-19204f5 jet-timeline-item--image-inside\">\n\t<div class=\"timeline-item__card\">\n\t\t<div class=\"timeline-item__card-inner\">\n\t\t\t\t\t\t\t\t<div class=\"timeline-item__card-content\">\n\t\t\t\t\t<div class=\"timeline-item__meta\"><div class=\"timeline-item__meta-content\">2009 \u2013 2020<\/div><\/div><h3 class=\"timeline-item__card-title\">Fondation Beyeler<\/h3><div class=\"timeline-item__card-desc\">J'ai pris mon premier poste de chef de cuisine \u00e0 la Fondation Beyeler, un mus\u00e9e suisse renomm\u00e9 o\u00f9 l'art culinaire et le g\u00e9nie artistique se rencontrent quotidiennement.<\/div>\t\t\t\t<\/div>\n\t\t\t\t\t\t<\/div>\n\t\t<div class=\"timeline-item__card-arrow\"><\/div>\n\t<\/div>\n\t<div class=\"timeline-item__point\"><div class=\"timeline-item__point-content timeline-item__point-content--icon\"><span class=\"jet-elements-icon\"><i aria-hidden=\"true\" class=\"fas fa-calendar-alt\"><\/i><\/span><\/div><\/div><div class=\"timeline-item__meta\"><div class=\"timeline-item__meta-content\">2009 \u2013 2020<\/div><\/div><\/div><div class=\"jet-timeline-item  elementor-repeater-item-d52af1f jet-timeline-item--image-inside\">\n\t<div class=\"timeline-item__card\">\n\t\t<div class=\"timeline-item__card-inner\">\n\t\t\t\t\t\t\t\t<div class=\"timeline-item__card-content\">\n\t\t\t\t\t<div class=\"timeline-item__meta\"><div class=\"timeline-item__meta-content\">2011 \u2013 2014<\/div><\/div><h3 class=\"timeline-item__card-title\">Brevet federal<\/h3><div class=\"timeline-item__card-desc\">J'ai suivi une formation de quatre ans de chef de cuisine avec dipl\u00f4me f\u00e9d\u00e9ral chez Gastro Vaud \u00e0 Pully. Ce parcours m'a permis d'acqu\u00e9rir de solides connaissances et un savoir-faire unique en mati\u00e8re de cuisine gastronomique.<\/div>\t\t\t\t<\/div>\n\t\t\t\t\t\t<\/div>\n\t\t<div class=\"timeline-item__card-arrow\"><\/div>\n\t<\/div>\n\t<div class=\"timeline-item__point\"><div class=\"timeline-item__point-content timeline-item__point-content--icon\"><span class=\"jet-elements-icon\"><i aria-hidden=\"true\" class=\"fas fa-calendar-alt\"><\/i><\/span><\/div><\/div><div class=\"timeline-item__meta\"><div class=\"timeline-item__meta-content\">2011 \u2013 2014<\/div><\/div><\/div><div class=\"jet-timeline-item  elementor-repeater-item-a42581b jet-timeline-item--image-inside\">\n\t<div class=\"timeline-item__card\">\n\t\t<div class=\"timeline-item__card-inner\">\n\t\t\t\t\t\t\t\t<div class=\"timeline-item__card-content\">\n\t\t\t\t\t<div class=\"timeline-item__meta\"><div class=\"timeline-item__meta-content\">2020 \u2013 2021<\/div><\/div><h3 class=\"timeline-item__card-title\">Villa Merian<\/h3><div class=\"timeline-item__card-desc\">Mon chemin m'a ensuite men\u00e9 \u00e0 la Villa Merian, un lieu charg\u00e9 d'histoire avec un jardin botanique extraordinaire. Ce paradis vert a \u00e9t\u00e9 une source d'inspiration quotidienne et a marqu\u00e9 ma cuisine avec les fruits et l\u00e9gumes frais du jardin.<\/div>\t\t\t\t<\/div>\n\t\t\t\t\t\t<\/div>\n\t\t<div class=\"timeline-item__card-arrow\"><\/div>\n\t<\/div>\n\t<div class=\"timeline-item__point\"><div class=\"timeline-item__point-content timeline-item__point-content--icon\"><span class=\"jet-elements-icon\"><i aria-hidden=\"true\" class=\"fas fa-calendar-alt\"><\/i><\/span><\/div><\/div><div class=\"timeline-item__meta\"><div class=\"timeline-item__meta-content\">2020 \u2013 2021<\/div><\/div><\/div><div class=\"jet-timeline-item  elementor-repeater-item-39f0834 jet-timeline-item--image-inside\">\n\t<div class=\"timeline-item__card\">\n\t\t<div class=\"timeline-item__card-inner\">\n\t\t\t\t\t\t\t\t<div class=\"timeline-item__card-content\">\n\t\t\t\t\t<div class=\"timeline-item__meta\"><div class=\"timeline-item__meta-content\">2021 \u2013 Aujourd'hui<\/div><\/div><h3 class=\"timeline-item__card-title\">Haus der Wirtschaft<\/h3><div class=\"timeline-item__card-desc\">Mon voyage culinaire s'est poursuivi \u00e0 la Haus der Wirtschaft de Pratteln, o\u00f9 j'ai la possibilit\u00e9 de proposer une restauration collective de qualit\u00e9, en mettant l'accent sur les produits frais et r\u00e9gionaux.<\/div>\t\t\t\t<\/div>\n\t\t\t\t\t\t<\/div>\n\t\t<div class=\"timeline-item__card-arrow\"><\/div>\n\t<\/div>\n\t<div class=\"timeline-item__point\"><div class=\"timeline-item__point-content timeline-item__point-content--icon\"><span class=\"jet-elements-icon\"><i aria-hidden=\"true\" class=\"fas fa-calendar-alt\"><\/i><\/span><\/div><\/div><div class=\"timeline-item__meta\"><div class=\"timeline-item__meta-content\">2021 \u2013 Aujourd'hui<\/div><\/div><\/div><\/div><\/div><\/div>\t\t\t\t<\/div>\n\t\t\t\t<\/div>\n\t\t\t\t\t<\/div>\n\t\t\t\t<\/div>\n\t\t<div class=\"e-con-gap-no elementor-element elementor-element-e809f6e e-flex e-con-boxed sc_layouts_column_icons_position_left e-con e-parent\" data-id=\"e809f6e\" data-element_type=\"container\" data-e-type=\"container\" data-settings=\"{&quot;background_background&quot;:&quot;classic&quot;,&quot;jet_parallax_layout_list&quot;:[]}\">\n\t\t\t\t\t<div class=\"e-con-inner\">\n\t\t<div class=\"elementor-element elementor-element-a3767af e-con-full e-flex sc_layouts_column_icons_position_left e-con e-child\" data-id=\"a3767af\" data-element_type=\"container\" data-e-type=\"container\" data-settings=\"{&quot;jet_parallax_layout_list&quot;:[]}\">\n\t\t\t\t<div class=\"elementor-element elementor-element-1fa1a8c elementor-widget__width-initial sc_fly_static elementor-widget elementor-widget-text-editor\" data-id=\"1fa1a8c\" data-element_type=\"widget\" data-e-type=\"widget\" data-widget_type=\"text-editor.default\">\n\t\t\t\t<div class=\"elementor-widget-container\">\n\t\t\t\t\t\t\t\t\t<p>Envie de prendre soin de vos papilles gustatives ?<\/p>\t\t\t\t\t\t\t\t<\/div>\n\t\t\t\t<\/div>\n\t\t\t\t<div data-animation-type=\"block\" class=\"elementor-element elementor-element-bb0c113 elementor-mobile-align-center elementor-widget-mobile__width-inherit animation_type_block sc_fly_static elementor-invisible elementor-widget elementor-widget-button\" data-id=\"bb0c113\" data-element_type=\"widget\" data-e-type=\"widget\" data-settings=\"{&quot;_animation&quot;:&quot;fadeInUp&quot;,&quot;_animation_delay&quot;:300}\" data-widget_type=\"button.default\">\n\t\t\t\t<div class=\"elementor-widget-container\">\n\t\t\t\t\t\t\t\t\t<div class=\"elementor-button-wrapper\">\n\t\t\t\t\t<a class=\"elementor-button elementor-button-link elementor-size-sm\" href=\"https:\/\/universal-gourmet-events.ch\/fr\/contact\/\">\n\t\t\t\t\t\t<span class=\"elementor-button-content-wrapper\">\n\t\t\t\t\t\t\t\t\t<span class=\"elementor-button-text\">Prendre contact<\/span>\n\t\t\t\t\t<\/span>\n\t\t\t\t\t<\/a>\n\t\t\t\t<\/div>\n\t\t\t\t\t\t\t\t<\/div>\n\t\t\t\t<\/div>\n\t\t\t\t<\/div>\n\t\t\t\t\t<\/div>\n\t\t\t\t<\/div>\n\t\t\t\t<\/div>","protected":false},"excerpt":{"rendered":"<p>die Welt des Gourmetkochs Mengi &#171;Kochen ist ein Vektor f\u00fcr soziale Verbindungen und Freude. Ich strebe danach, Grenzen zu durchbrechen und Menschen um den Tisch zu versammeln, um einzigartige Momente&hellip;<\/p>","protected":false},"author":1,"featured_media":19434,"parent":0,"menu_order":0,"comment_status":"closed","ping_status":"closed","template":"","meta":{"footnotes":""},"class_list":["post-18429","page","type-page","status-publish","has-post-thumbnail","hentry"],"_links":{"self":[{"href":"https:\/\/universal-gourmet-events.ch\/fr\/wp-json\/wp\/v2\/pages\/18429","targetHints":{"allow":["GET"]}}],"collection":[{"href":"https:\/\/universal-gourmet-events.ch\/fr\/wp-json\/wp\/v2\/pages"}],"about":[{"href":"https:\/\/universal-gourmet-events.ch\/fr\/wp-json\/wp\/v2\/types\/page"}],"author":[{"embeddable":true,"href":"https:\/\/universal-gourmet-events.ch\/fr\/wp-json\/wp\/v2\/users\/1"}],"replies":[{"embeddable":true,"href":"https:\/\/universal-gourmet-events.ch\/fr\/wp-json\/wp\/v2\/comments?post=18429"}],"version-history":[{"count":219,"href":"https:\/\/universal-gourmet-events.ch\/fr\/wp-json\/wp\/v2\/pages\/18429\/revisions"}],"predecessor-version":[{"id":19902,"href":"https:\/\/universal-gourmet-events.ch\/fr\/wp-json\/wp\/v2\/pages\/18429\/revisions\/19902"}],"wp:featuredmedia":[{"embeddable":true,"href":"https:\/\/universal-gourmet-events.ch\/fr\/wp-json\/wp\/v2\/media\/19434"}],"wp:attachment":[{"href":"https:\/\/universal-gourmet-events.ch\/fr\/wp-json\/wp\/v2\/media?parent=18429"}],"curies":[{"name":"wp","href":"https:\/\/api.w.org\/{rel}","templated":true}]}}